{"id":3,"date":"2024-02-17T00:09:31","date_gmt":"2024-02-16T23:09:31","guid":{"rendered":"https:\/\/santanecos.com\/tienda\/?page_id=3"},"modified":"2024-02-18T01:40:48","modified_gmt":"2024-02-18T00:40:48","slug":"politica-privacidad","status":"publish","type":"page","link":"https:\/\/santanecos.com\/tienda\/index.php\/politica-privacidad\/","title":{"rendered":"Pol\u00edtica de privacidad"},"content":{"rendered":"\n<p><strong>T\u00e9rminos y Condiciones de Uso<\/strong><\/p>\n\n\n\n<p>El uso de esta p\u00e1gina implica tu acuerdo con los t\u00e9rminos y condiciones que se establecen a continuaci\u00f3n. Si no est\u00e1s de acuerdo con dichos t\u00e9rminos y condiciones por favor no uses esta p\u00e1gina. Nos reservamos el derecho de modificar, agregar y\/o eliminar las condiciones total o parcialmente en cualquier momento, a nuestra discreci\u00f3n, sin necesidad de previo aviso.<\/p>\n\n\n\n<p>Restricci\u00f3n de Uso.<\/p>\n\n\n\n<p>Esta p\u00e1gina o cualquier porci\u00f3n de este sitio es propiedad de santanecos.com o sus respectivos propietarios. Su contenido no puede ser copiado, reproducido, duplicado, transmitido, vendido, publicado, distribuido o explotado de ninguna manera para prop\u00f3sitos comerciales, excepto que el usuario puede bajar y guardar en la memoria de su computadora una copia para su uso y referencia personal.<\/p>\n\n\n\n<p>Derechos Reservados.<\/p>\n\n\n\n<p>Todo el contenido de este sitio tal como texto, gr\u00e1ficos, logos, iconos, im\u00e1genes, clips de audio y software, son propiedad de santanecos.com&nbsp;o sus respectivos propietarios, y est\u00e1n protegidos por las leyes internacionales de derechos de autor.<\/p>\n\n\n\n<p>Productos y Servicios.<\/p>\n\n\n\n<p>Los productos y servicios exhibidos en santanecos.com&nbsp;est\u00e1n disponibles \u00fanicamente para entrega en los pa\u00edses, continente o regiones disponibles y nombrados en el proceso de compra en l\u00ednea. Los productos y servicios no est\u00e1n disponibles en otros pa\u00edses y de ninguna manera santanecos.com&nbsp;hace suponer o impl\u00edcitamente da a entender que los productos y servicios est\u00e1n disponibles en otros pa\u00edses, continentes o regiones. Aquellos usuarios que deseen acceder esta p\u00e1gina lo hacen bajo su propia iniciativa y responsabilidad, y sujetos a las leyes locales aplicables.<\/p>\n\n\n\n<p>Comentarios Recibidos.<\/p>\n\n\n\n<p>santanecos.com&nbsp;podr\u00eda permitir a los visitantes de su sitio proporcionar comentarios sobre productos o servicios relacionados a santanecos.com. Si usted env\u00eda un comentario sobre santanecos.com&nbsp;o sus productos y servicios, le otorga a santanecos.com&nbsp;un derecho no exclusivo, perpetuo, irrevocable y completamente extensible para utilizar, reproducir, modificar, adaptar, publicar, traducir y desplegar tales comentarios en cualquier medio de comunicaci\u00f3n. Usted tambi\u00e9n otorga a santanecos.com&nbsp;y sus afiliados el derecho de utilizar el nombre que usted env\u00ede junto al comentario, si es que env\u00eda, en conexi\u00f3n con tal comentario. santanecos.com&nbsp;no est\u00e1 ni estar\u00e1 bajo la obligaci\u00f3n de mantener los comentarios confidenciales, pagar al usuario alguna compensaci\u00f3n por los comentarios, o responder a los comentarios de los usuarios. El usuario deber\u00e1 estar de acuerdo en que los comentarios enviados a este sitio no deber\u00e1n violar en ninguna forma el derecho de alguna tercera parte, incluyendo derechos reservados (copyright), marcas registradas, privacidad u otros derechos personales o de propiedad. Tambi\u00e9n deber\u00e1 estar de acuerdo en que los comentarios presentados a este sitio no deber\u00e1n contener material ilegal, difamador, abusivo u obsceno. El usuario ser\u00e1 el \u00fanico responsable por el contenido de los comentarios que env\u00ede a santanecos.com.<\/p>\n\n\n\n<p>Equipos y Garant\u00edas del sitio www.santanecos.com .<\/p>\n\n\n\n<p>Este sitio y todos sus contenidos no tienen garant\u00edas de ninguna clase, ni expresas ni impl\u00edcitas. santanecos.com no puede garantizar que su sitio se encuentre libre de virus o de cualquier otro componente da\u00f1ino. El usuario utilizar\u00e1 este sitio bajo su propio riesgo, y asumir\u00e1 completa responsabilidad por todos los costos asociados con los servicios de soporte o reparaci\u00f3n para cualquier equipo que puedan resultar necesarios por su uso particular en conexi\u00f3n con este sitio, y que santanecos.com&nbsp;no ser\u00e1 responsable por da\u00f1os de ninguna clase relacionados con la utilizaci\u00f3n personal de este sitio.<\/p>\n\n\n\n<p>Fuerza Mayor \/ Caso Fortuito \/ Interrupci\u00f3n.<\/p>\n\n\n\n<p>santanecos.com no se hace responsable de su inhabilidad o retraso temporal o imposibilidad de poder entregar los bienes o servicios cuya oferta de compra se ha aceptado por razones o circunstancias fuera de su control, incluyendo sin limitarse a&nbsp;manifestaciones, actos de entes estatales, fuego, terremoto, inundaciones, accidentes o huelgas. Si su imposibilidad durara m\u00e1s de sesenta (60) d\u00edas calendario, santanecos.com notificar\u00e1 al cliente de su imposibilidad y har\u00e1 los arreglos necesarios para sustituir el bien o servicio por otro de igual o similar calidad.<\/p>\n\n\n\n<p>Ley y Jurisdicci\u00f3n Aplicable.<\/p>\n\n\n\n<p>Cualquier transacci\u00f3n realizada a trav\u00e9s de este sitio de Internet con santanecos.com estar\u00e1 sujeta a las leyes de la Rep\u00fablica de El Salvador y cualquier demanda o denuncia judicial deber\u00e1 hacerse ante los tribunales de la Rep\u00fablica de El Salvador ya que solamente ellos tienen jurisdicci\u00f3n sobre las citadas transacciones. Los usuarios de este sitio entienden dicho sometimiento y en caso de duda o confusi\u00f3n sobre el mismo, renuncian a cualquier derecho a presentar cualquier demanda, denuncia o reclamo ante otra autoridad que no sean los tribunales de la Rep\u00fablica de El Salvador.<\/p>\n\n\n\n<p>Limitaci\u00f3n de Responsabilidad.<\/p>\n\n\n\n<p>Bajo ninguna circunstancia ser\u00e1 santanecos.com responsable a un usuario de este sitio de Internet por cualquier da\u00f1o directo, indirecto, incidental o consecuente proveniente de los bienes o servicios que en el sitio se promocionan.<\/p>\n<!--CusAds0-->\n<div style=\"font-size: 0px; height: 0px; line-height: 0px; margin: 0; padding: 0; clear: both;\"><\/div>","protected":false},"excerpt":{"rendered":"<p>T\u00e9rminos y Condiciones de Uso El uso de esta p\u00e1gina implica tu acuerdo con los t\u00e9rminos y condiciones que se establecen a continuaci\u00f3n. Si no est\u00e1s de acuerdo con dichos t\u00e9rminos y condiciones por favor no uses esta p\u00e1gina. Nos reservamos el derecho de modificar, agregar y\/o eliminar las condiciones total o parcialmente en cualquier [&hellip;]<\/p>\n","protected":false},"author":1,"featured_media":0,"parent":0,"menu_order":0,"comment_status":"closed","ping_status":"open","template":"","meta":{"om_disable_all_campaigns":false,"_monsterinsights_skip_tracking":false,"_monsterinsights_sitenote_active":false,"_monsterinsights_sitenote_note":"","_monsterinsights_sitenote_category":0,"footnotes":""},"class_list":["post-3","page","type-page","status-publish","hentry"],"aioseo_notices":[],"jetpack_likes_enabled":true,"jetpack_sharing_enabled":true,"_links":{"self":[{"href":"https:\/\/santanecos.com\/tienda\/index.php\/wp-json\/wp\/v2\/pages\/3","targetHints":{"allow":["GET"]}}],"collection":[{"href":"https:\/\/santanecos.com\/tienda\/index.php\/wp-json\/wp\/v2\/pages"}],"about":[{"href":"https:\/\/santanecos.com\/tienda\/index.php\/wp-json\/wp\/v2\/types\/page"}],"author":[{"embeddable":true,"href":"https:\/\/santanecos.com\/tienda\/index.php\/wp-json\/wp\/v2\/users\/1"}],"replies":[{"embeddable":true,"href":"https:\/\/santanecos.com\/tienda\/index.php\/wp-json\/wp\/v2\/comments?post=3"}],"version-history":[{"count":1,"href":"https:\/\/santanecos.com\/tienda\/index.php\/wp-json\/wp\/v2\/pages\/3\/revisions"}],"predecessor-version":[{"id":68,"href":"https:\/\/santanecos.com\/tienda\/index.php\/wp-json\/wp\/v2\/pages\/3\/revisions\/68"}],"wp:attachment":[{"href":"https:\/\/santanecos.com\/tienda\/index.php\/wp-json\/wp\/v2\/media?parent=3"}],"curies":[{"name":"wp","href":"https:\/\/api.w.org\/{rel}","templated":true}]}}