{"id":102,"date":"2024-02-21T20:29:48","date_gmt":"2024-02-21T19:29:48","guid":{"rendered":"https:\/\/santanecos.com\/tienda\/?post_type=product&#038;p=102"},"modified":"2024-02-21T21:57:43","modified_gmt":"2024-02-21T20:57:43","slug":"tarjeta-regalo-15","status":"publish","type":"product","link":"https:\/\/santanecos.com\/tienda\/index.php\/product\/tarjeta-regalo-15\/","title":{"rendered":"Tarjeta Regalo $15"},"content":{"rendered":"<p><strong>TARJETA DE REGALO DE XBOX<\/strong>: compre descargas de juegos digitales completos, complementos de juegos, moneda del juego, membres\u00edas, dispositivos, aplicaciones, pel\u00edculas, programas de televisi\u00f3n y m\u00e1s.<br \/><strong>JUEGOS DIGITALES<\/strong>: Elige entre cientos de juegos, desde AAA hasta opciones independientes. Empieza a jugar en el momento en que tu juego m\u00e1s esperado est\u00e9 disponible cuando lo reserves y lo descargues por adelantado.<br \/><strong>COMPLEMENTOS DEL JUEGO<\/strong>: Ampl\u00eda la experiencia de tus juegos favoritos con complementos y moneda del juego.<br \/><strong>PEL\u00cdCULAS Y PROGRAMAS DE TELEVISI\u00d3N<\/strong>: Alquile o compre pel\u00edculas y programas de televisi\u00f3n nuevos y populares de una biblioteca masiva.<br \/>REGALO PERFECTO: Genial como regalo para un amigo o para ti mismo. Las tarjetas de regalo de Xbox son f\u00e1ciles de usar, nunca caducan y dan la libertad de elegir el regalo que deseen. Disfruta de m\u00e1s formas de jugar sin una tarjeta de cr\u00e9dito vinculada a tu cuenta de Microsoft.<\/p>\n<!--CusAds0-->\n<div style=\"font-size: 0px; height: 0px; line-height: 0px; margin: 0; padding: 0; clear: both;\"><\/div>","protected":false},"excerpt":{"rendered":"<p><strong>Nota<\/strong>: Despu\u00e9s de la compra, puedes acceder al art\u00edculo revisando tu cuenta de correo, WhatsApp o Facebook Messenger.<br \/>Si realizas el pedido, aceptas nuestros T\u00e9rminos de uso.<br \/>No se aceptan devoluciones ni se hacen reembolsos de este producto.<br \/><strong>Nota<\/strong>: Actualmente, este art\u00edculo est\u00e1 disponible solo para clientes con perfiles en sus consolas regi\u00f3n Estados Unidos.<\/p>\n","protected":false},"featured_media":101,"comment_status":"open","ping_status":"closed","template":"","meta":{"om_disable_all_campaigns":false,"_monsterinsights_skip_tracking":false,"_monsterinsights_sitenote_active":false,"_monsterinsights_sitenote_note":"","_monsterinsights_sitenote_category":0},"product_brand":[],"product_cat":[15,20,22],"product_tag":[],"class_list":{"0":"post-102","1":"product","2":"type-product","3":"status-publish","4":"has-post-thumbnail","6":"product_cat-digitales","7":"product_cat-microsoft","8":"product_cat-xbox","10":"first","11":"instock","12":"taxable","13":"shipping-taxable","14":"purchasable","15":"product-type-simple"},"aioseo_notices":[],"jetpack_likes_enabled":true,"jetpack_sharing_enabled":true,"_links":{"self":[{"href":"https:\/\/santanecos.com\/tienda\/index.php\/wp-json\/wp\/v2\/product\/102","targetHints":{"allow":["GET"]}}],"collection":[{"href":"https:\/\/santanecos.com\/tienda\/index.php\/wp-json\/wp\/v2\/product"}],"about":[{"href":"https:\/\/santanecos.com\/tienda\/index.php\/wp-json\/wp\/v2\/types\/product"}],"replies":[{"embeddable":true,"href":"https:\/\/santanecos.com\/tienda\/index.php\/wp-json\/wp\/v2\/comments?post=102"}],"wp:featuredmedia":[{"embeddable":true,"href":"https:\/\/santanecos.com\/tienda\/index.php\/wp-json\/wp\/v2\/media\/101"}],"wp:attachment":[{"href":"https:\/\/santanecos.com\/tienda\/index.php\/wp-json\/wp\/v2\/media?parent=102"}],"wp:term":[{"taxonomy":"product_brand","embeddable":true,"href":"https:\/\/santanecos.com\/tienda\/index.php\/wp-json\/wp\/v2\/product_brand?post=102"},{"taxonomy":"product_cat","embeddable":true,"href":"https:\/\/santanecos.com\/tienda\/index.php\/wp-json\/wp\/v2\/product_cat?post=102"},{"taxonomy":"product_tag","embeddable":true,"href":"https:\/\/santanecos.com\/tienda\/index.php\/wp-json\/wp\/v2\/product_tag?post=102"}],"curies":[{"name":"wp","href":"https:\/\/api.w.org\/{rel}","templated":true}]}}