{"id":112,"date":"2024-02-21T20:45:48","date_gmt":"2024-02-21T19:45:48","guid":{"rendered":"https:\/\/santanecos.com\/tienda\/?post_type=product&#038;p=112"},"modified":"2024-08-09T14:28:12","modified_gmt":"2024-08-09T20:28:12","slug":"tarjeta-regalo-30-2","status":"publish","type":"product","link":"https:\/\/santanecos.com\/tienda\/index.php\/product\/tarjeta-regalo-30-2\/","title":{"rendered":"Tarjeta Regalo $30"},"content":{"rendered":"<p><strong>Debes tener 18+ a\u00f1os<\/strong> y tener una cuenta de PlayStation Network para canjear. Se puede canjear por cualquier cosa en PlayStation Store. Elige entre miles de juegos, complementos, suscripciones y mucho m\u00e1s.<br \/><strong>Reserva. Precarga. Jugar<\/strong>. \u00bfNo puedes esperar a un juego? Prec\u00e1rgalo en tu consola y juega tan pronto como est\u00e9 disponible.<br \/><strong>Encuentra ofertas exclusivas en los mejores juegos<\/strong>. Con ofertas y descuentos regulares, siempre hay algo para jugar a un precio que te encantar\u00e1.<br \/><strong>Descarga las compras de forma remota<\/strong>. Agregue sus compras a su cola de descarga desde cualquier lugar en l\u00ednea y comience a jugar antes.<\/p>\n<!--CusAds0-->\n<div style=\"font-size: 0px; height: 0px; line-height: 0px; margin: 0; padding: 0; clear: both;\"><\/div>","protected":false},"excerpt":{"rendered":"<p>Nota: Despu\u00e9s de la compra, puedes acceder al art\u00edculo revisando tu cuenta de correo, WhatsApp o Facebook Messenger.<br \/>Si realizas el pedido, aceptas nuestros T\u00e9rminos de uso.<br \/>No se aceptan devoluciones ni se hacen reembolsos de este producto.<br \/>Nota: Actualmente, este art\u00edculo est\u00e1 disponible solo para clientes con perfiles en sus consolas regi\u00f3n Estados Unidos.<\/p>\n","protected":false},"featured_media":113,"comment_status":"open","ping_status":"closed","template":"","meta":{"om_disable_all_campaigns":false,"_monsterinsights_skip_tracking":false,"_monsterinsights_sitenote_active":false,"_monsterinsights_sitenote_note":"","_monsterinsights_sitenote_category":0},"product_brand":[],"product_cat":[15,21],"product_tag":[],"class_list":{"0":"post-112","1":"product","2":"type-product","3":"status-publish","4":"has-post-thumbnail","6":"product_cat-digitales","7":"product_cat-playstation","9":"first","10":"instock","11":"taxable","12":"shipping-taxable","13":"purchasable","14":"product-type-simple"},"aioseo_notices":[],"jetpack_likes_enabled":true,"jetpack_sharing_enabled":true,"_links":{"self":[{"href":"https:\/\/santanecos.com\/tienda\/index.php\/wp-json\/wp\/v2\/product\/112","targetHints":{"allow":["GET"]}}],"collection":[{"href":"https:\/\/santanecos.com\/tienda\/index.php\/wp-json\/wp\/v2\/product"}],"about":[{"href":"https:\/\/santanecos.com\/tienda\/index.php\/wp-json\/wp\/v2\/types\/product"}],"replies":[{"embeddable":true,"href":"https:\/\/santanecos.com\/tienda\/index.php\/wp-json\/wp\/v2\/comments?post=112"}],"wp:featuredmedia":[{"embeddable":true,"href":"https:\/\/santanecos.com\/tienda\/index.php\/wp-json\/wp\/v2\/media\/113"}],"wp:attachment":[{"href":"https:\/\/santanecos.com\/tienda\/index.php\/wp-json\/wp\/v2\/media?parent=112"}],"wp:term":[{"taxonomy":"product_brand","embeddable":true,"href":"https:\/\/santanecos.com\/tienda\/index.php\/wp-json\/wp\/v2\/product_brand?post=112"},{"taxonomy":"product_cat","embeddable":true,"href":"https:\/\/santanecos.com\/tienda\/index.php\/wp-json\/wp\/v2\/product_cat?post=112"},{"taxonomy":"product_tag","embeddable":true,"href":"https:\/\/santanecos.com\/tienda\/index.php\/wp-json\/wp\/v2\/product_tag?post=112"}],"curies":[{"name":"wp","href":"https:\/\/api.w.org\/{rel}","templated":true}]}}