{"id":123,"date":"2024-02-21T21:06:02","date_gmt":"2024-02-21T20:06:02","guid":{"rendered":"https:\/\/santanecos.com\/tienda\/?post_type=product&#038;p=123"},"modified":"2024-02-21T21:55:42","modified_gmt":"2024-02-21T20:55:42","slug":"tarjeta-regalo-25-3","status":"publish","type":"product","link":"https:\/\/santanecos.com\/tienda\/index.php\/product\/tarjeta-regalo-25-3\/","title":{"rendered":"Tarjeta Regalo $25"},"content":{"rendered":"<p><strong>\u00a1Obt\u00e9n un art\u00edculo virtual cuando canjees un c\u00f3digo digital de Robux!<\/strong><br \/>Gasta tus Robux en nuevos art\u00edculos para tu avatar y beneficios adicionales en tus experiencias favoritas.<br \/><strong>El mejor regalo para cualquier fan\u00e1tico de Roblox.<\/strong><br \/>Descubre millones de experiencias gratuitas en Roblox. Explora, chatea y pasa el rato con tus amigos en tu computadora, tel\u00e9fono, tableta, consola Xbox, Oculus Rift o HTC Vive.<br \/><strong>Nota<\/strong>: Este producto otorga Robux y puede ser canjeado por cualquier usuario en todo el mundo. No es una tarjeta de regalo est\u00e1ndar de Roblox y no se puede usar para una compra de Roblox Premium.<br \/>Espere hasta 5 minutos para que su saldo se actualice despu\u00e9s de canjear su c\u00f3digo.<\/p>\n<!--CusAds0-->\n<div style=\"font-size: 0px; height: 0px; line-height: 0px; margin: 0; padding: 0; clear: both;\"><\/div>","protected":false},"excerpt":{"rendered":"<p><strong>Nota<\/strong>: Despu\u00e9s de la compra, puedes acceder al art\u00edculo revisando tu cuenta de correo, Whatsapp o Facebook Messenger.<br \/>Si realizas el pedido, aceptas nuestros T\u00e9rminos de uso.<br \/>No se aceptan devoluciones ni se hacen reembolsos de este producto.<br \/><strong>Nota<\/strong>: Actualmente, este art\u00edculo est\u00e1 disponible solo para clientes con perfiles en sus consolas regi\u00f3n Estados Unidos.<\/p>\n","protected":false},"featured_media":124,"comment_status":"open","ping_status":"closed","template":"","meta":{"om_disable_all_campaigns":false,"_monsterinsights_skip_tracking":false,"_monsterinsights_sitenote_active":false,"_monsterinsights_sitenote_note":"","_monsterinsights_sitenote_category":0},"product_brand":[],"product_cat":[15,20,23],"product_tag":[],"class_list":{"0":"post-123","1":"product","2":"type-product","3":"status-publish","4":"has-post-thumbnail","6":"product_cat-digitales","7":"product_cat-microsoft","8":"product_cat-roblox","10":"first","11":"instock","12":"taxable","13":"shipping-taxable","14":"purchasable","15":"product-type-simple"},"aioseo_notices":[],"jetpack_likes_enabled":true,"jetpack_sharing_enabled":true,"_links":{"self":[{"href":"https:\/\/santanecos.com\/tienda\/index.php\/wp-json\/wp\/v2\/product\/123","targetHints":{"allow":["GET"]}}],"collection":[{"href":"https:\/\/santanecos.com\/tienda\/index.php\/wp-json\/wp\/v2\/product"}],"about":[{"href":"https:\/\/santanecos.com\/tienda\/index.php\/wp-json\/wp\/v2\/types\/product"}],"replies":[{"embeddable":true,"href":"https:\/\/santanecos.com\/tienda\/index.php\/wp-json\/wp\/v2\/comments?post=123"}],"wp:featuredmedia":[{"embeddable":true,"href":"https:\/\/santanecos.com\/tienda\/index.php\/wp-json\/wp\/v2\/media\/124"}],"wp:attachment":[{"href":"https:\/\/santanecos.com\/tienda\/index.php\/wp-json\/wp\/v2\/media?parent=123"}],"wp:term":[{"taxonomy":"product_brand","embeddable":true,"href":"https:\/\/santanecos.com\/tienda\/index.php\/wp-json\/wp\/v2\/product_brand?post=123"},{"taxonomy":"product_cat","embeddable":true,"href":"https:\/\/santanecos.com\/tienda\/index.php\/wp-json\/wp\/v2\/product_cat?post=123"},{"taxonomy":"product_tag","embeddable":true,"href":"https:\/\/santanecos.com\/tienda\/index.php\/wp-json\/wp\/v2\/product_tag?post=123"}],"curies":[{"name":"wp","href":"https:\/\/api.w.org\/{rel}","templated":true}]}}