{"id":167,"date":"2024-02-21T17:50:47","date_gmt":"2024-02-21T23:50:47","guid":{"rendered":"https:\/\/santanecos.com\/tienda\/?post_type=product&#038;p=167"},"modified":"2026-02-04T12:11:31","modified_gmt":"2026-02-04T18:11:31","slug":"instalacion-chip-rgh","status":"publish","type":"product","link":"https:\/\/santanecos.com\/tienda\/index.php\/product\/instalacion-chip-rgh\/","title":{"rendered":"Instalacion Chip RGH"},"content":{"rendered":"<p><strong>RGH 3.0 <\/strong>es el m\u00e9todo m\u00e1s reciente para hackear consolas Xbox 360 utilizando solo 2 cables y un nuevo dise\u00f1o. A diferencia de los chips de glitch, este m\u00e9todo no requiere chips adicionales y se asemeja en simplicidad y estabilidad al J-TAG. La instalaci\u00f3n resultante es muy cercana a la simplicidad y estabilidad del J-TAG, y en la mayor\u00eda de los casos, \u00a1los resultados son arranques instant\u00e1neos! Este enfoque asegura que la mayor\u00eda, si no todas las Xbox 360 compatibles, puedan ser hackeadas con \u00e9xito.<\/p>\n<!--CusAds0-->\n<div style=\"font-size: 0px; height: 0px; line-height: 0px; margin: 0; padding: 0; clear: both;\"><\/div>","protected":false},"excerpt":{"rendered":"<p>Ofrecemos servicio de liberaci\u00f3n de Xbox Cl\u00e1sica y Xbox360 sean FAT o Slim. Este proceso te permite jugar copias digitales por medio de disco duro o una USB, as\u00ed como correr emuladores de nes, snes, Nintendo 64 entre otros.<\/p>\n","protected":false},"featured_media":168,"comment_status":"open","ping_status":"closed","template":"","meta":{"om_disable_all_campaigns":false,"_monsterinsights_skip_tracking":false,"_monsterinsights_sitenote_active":false,"_monsterinsights_sitenote_note":"","_monsterinsights_sitenote_category":0},"product_brand":[],"product_cat":[24],"product_tag":[],"class_list":{"0":"post-167","1":"product","2":"type-product","3":"status-publish","4":"has-post-thumbnail","6":"product_cat-modificaciones","8":"first","9":"instock","10":"sale","11":"purchasable","12":"product-type-simple"},"aioseo_notices":[],"jetpack_likes_enabled":true,"jetpack_sharing_enabled":true,"_links":{"self":[{"href":"https:\/\/santanecos.com\/tienda\/index.php\/wp-json\/wp\/v2\/product\/167","targetHints":{"allow":["GET"]}}],"collection":[{"href":"https:\/\/santanecos.com\/tienda\/index.php\/wp-json\/wp\/v2\/product"}],"about":[{"href":"https:\/\/santanecos.com\/tienda\/index.php\/wp-json\/wp\/v2\/types\/product"}],"replies":[{"embeddable":true,"href":"https:\/\/santanecos.com\/tienda\/index.php\/wp-json\/wp\/v2\/comments?post=167"}],"wp:featuredmedia":[{"embeddable":true,"href":"https:\/\/santanecos.com\/tienda\/index.php\/wp-json\/wp\/v2\/media\/168"}],"wp:attachment":[{"href":"https:\/\/santanecos.com\/tienda\/index.php\/wp-json\/wp\/v2\/media?parent=167"}],"wp:term":[{"taxonomy":"product_brand","embeddable":true,"href":"https:\/\/santanecos.com\/tienda\/index.php\/wp-json\/wp\/v2\/product_brand?post=167"},{"taxonomy":"product_cat","embeddable":true,"href":"https:\/\/santanecos.com\/tienda\/index.php\/wp-json\/wp\/v2\/product_cat?post=167"},{"taxonomy":"product_tag","embeddable":true,"href":"https:\/\/santanecos.com\/tienda\/index.php\/wp-json\/wp\/v2\/product_tag?post=167"}],"curies":[{"name":"wp","href":"https:\/\/api.w.org\/{rel}","templated":true}]}}