{"id":169,"date":"2024-02-21T17:57:05","date_gmt":"2024-02-21T23:57:05","guid":{"rendered":"https:\/\/santanecos.com\/tienda\/?post_type=product&#038;p=169"},"modified":"2024-08-09T13:51:23","modified_gmt":"2024-08-09T19:51:23","slug":"mantenimiento-videoconsolas","status":"publish","type":"product","link":"https:\/\/santanecos.com\/tienda\/index.php\/product\/mantenimiento-videoconsolas\/","title":{"rendered":"Mantenimiento Videoconsolas"},"content":{"rendered":"<p><strong>\u00bfPor qu\u00e9 limpiar tu Videoconsola?<\/strong><br \/>Los tiempos en los que las consolas de sobremesa eran productos de bajo consumo energ\u00e9tico que no necesitaban ventiladores para refrigerar su circuiter\u00eda hace tiempo que pasaron. A d\u00eda de hoy tenemos sistemas con enormes sistemas de refrigeraci\u00f3n activa. Es decir, usan ventiladores para mantener un flujo de aire fresco en su interior, pero esto tiene una contrapartida que es la acumulaci\u00f3n de polvo en el interior de la consola. Por lo que cada cierto tiempo es recomendable hacer una limpieza a fondo y mantener los componentes esencial que la hacen funcionar correctamente asi como sustituir la pasta t\u00e9rmica de los procesadores internos.<\/p>\n<!--CusAds0-->\n<div style=\"font-size: 0px; height: 0px; line-height: 0px; margin: 0; padding: 0; clear: both;\"><\/div>","protected":false},"excerpt":{"rendered":"<p>Ofrecemos servicio de mantenimiento y cambio de pasta t\u00e9rmica gamer especial para las videoconsolas siguientes, Xbox 360, Playstation 3, 4,  Xbox One, Xbox Series S\/X, sean FAT o Slim. Este proceso te permite darle un mejor sistema de enfriamiento a la videoconsola.<\/p>\n","protected":false},"featured_media":170,"comment_status":"open","ping_status":"closed","template":"","meta":{"om_disable_all_campaigns":false,"_monsterinsights_skip_tracking":false,"_monsterinsights_sitenote_active":false,"_monsterinsights_sitenote_note":"","_monsterinsights_sitenote_category":0},"product_brand":[],"product_cat":[24],"product_tag":[],"class_list":{"0":"post-169","1":"product","2":"type-product","3":"status-publish","4":"has-post-thumbnail","6":"product_cat-modificaciones","8":"first","9":"instock","10":"sale","11":"taxable","12":"shipping-taxable","13":"purchasable","14":"product-type-simple"},"aioseo_notices":[],"jetpack_likes_enabled":true,"jetpack_sharing_enabled":true,"_links":{"self":[{"href":"https:\/\/santanecos.com\/tienda\/index.php\/wp-json\/wp\/v2\/product\/169","targetHints":{"allow":["GET"]}}],"collection":[{"href":"https:\/\/santanecos.com\/tienda\/index.php\/wp-json\/wp\/v2\/product"}],"about":[{"href":"https:\/\/santanecos.com\/tienda\/index.php\/wp-json\/wp\/v2\/types\/product"}],"replies":[{"embeddable":true,"href":"https:\/\/santanecos.com\/tienda\/index.php\/wp-json\/wp\/v2\/comments?post=169"}],"wp:featuredmedia":[{"embeddable":true,"href":"https:\/\/santanecos.com\/tienda\/index.php\/wp-json\/wp\/v2\/media\/170"}],"wp:attachment":[{"href":"https:\/\/santanecos.com\/tienda\/index.php\/wp-json\/wp\/v2\/media?parent=169"}],"wp:term":[{"taxonomy":"product_brand","embeddable":true,"href":"https:\/\/santanecos.com\/tienda\/index.php\/wp-json\/wp\/v2\/product_brand?post=169"},{"taxonomy":"product_cat","embeddable":true,"href":"https:\/\/santanecos.com\/tienda\/index.php\/wp-json\/wp\/v2\/product_cat?post=169"},{"taxonomy":"product_tag","embeddable":true,"href":"https:\/\/santanecos.com\/tienda\/index.php\/wp-json\/wp\/v2\/product_tag?post=169"}],"curies":[{"name":"wp","href":"https:\/\/api.w.org\/{rel}","templated":true}]}}