{"id":22,"date":"2024-02-17T01:14:01","date_gmt":"2024-02-17T00:14:01","guid":{"rendered":"https:\/\/santanecos.com\/tienda\/?post_type=product&#038;p=22"},"modified":"2026-02-04T12:01:45","modified_gmt":"2026-02-04T18:01:45","slug":"membresia-gamepass-ultimate-6-meses","status":"publish","type":"product","link":"https:\/\/santanecos.com\/tienda\/index.php\/product\/membresia-gamepass-ultimate-6-meses\/","title":{"rendered":"Membresia Gamepass Ultimate 6 Meses"},"content":{"rendered":"<p>El c\u00f3digo se env\u00eda 30 minutos despu\u00e9s de realizada la compra o puedes contactarnos al correo electr\u00f3nico de soporte t\u00e9cnico ubaldocruz@gmail.com. Whatsapp +503(72856557)<\/p>\n<!--CusAds0-->\n<div style=\"font-size: 0px; height: 0px; line-height: 0px; margin: 0; padding: 0; clear: both;\"><\/div>","protected":false},"excerpt":{"rendered":"<p>C\u00f3digo digital disponible para cuentas nuevas o cuentas que tengan varios meses de no estar activas con una membres\u00eda<\/p>\n","protected":false},"featured_media":20,"comment_status":"open","ping_status":"closed","template":"","meta":{"om_disable_all_campaigns":false,"_monsterinsights_skip_tracking":false,"_monsterinsights_sitenote_active":false,"_monsterinsights_sitenote_note":"","_monsterinsights_sitenote_category":0},"product_brand":[],"product_cat":[15,20,22],"product_tag":[],"class_list":{"0":"post-22","1":"product","2":"type-product","3":"status-publish","4":"has-post-thumbnail","6":"product_cat-digitales","7":"product_cat-microsoft","8":"product_cat-xbox","10":"first","11":"outofstock","12":"sale","13":"taxable","14":"shipping-taxable","15":"purchasable","16":"product-type-simple"},"aioseo_notices":[],"jetpack_likes_enabled":true,"jetpack_sharing_enabled":true,"_links":{"self":[{"href":"https:\/\/santanecos.com\/tienda\/index.php\/wp-json\/wp\/v2\/product\/22","targetHints":{"allow":["GET"]}}],"collection":[{"href":"https:\/\/santanecos.com\/tienda\/index.php\/wp-json\/wp\/v2\/product"}],"about":[{"href":"https:\/\/santanecos.com\/tienda\/index.php\/wp-json\/wp\/v2\/types\/product"}],"replies":[{"embeddable":true,"href":"https:\/\/santanecos.com\/tienda\/index.php\/wp-json\/wp\/v2\/comments?post=22"}],"wp:featuredmedia":[{"embeddable":true,"href":"https:\/\/santanecos.com\/tienda\/index.php\/wp-json\/wp\/v2\/media\/20"}],"wp:attachment":[{"href":"https:\/\/santanecos.com\/tienda\/index.php\/wp-json\/wp\/v2\/media?parent=22"}],"wp:term":[{"taxonomy":"product_brand","embeddable":true,"href":"https:\/\/santanecos.com\/tienda\/index.php\/wp-json\/wp\/v2\/product_brand?post=22"},{"taxonomy":"product_cat","embeddable":true,"href":"https:\/\/santanecos.com\/tienda\/index.php\/wp-json\/wp\/v2\/product_cat?post=22"},{"taxonomy":"product_tag","embeddable":true,"href":"https:\/\/santanecos.com\/tienda\/index.php\/wp-json\/wp\/v2\/product_tag?post=22"}],"curies":[{"name":"wp","href":"https:\/\/api.w.org\/{rel}","templated":true}]}}