{"id":281,"date":"2025-01-10T14:46:34","date_gmt":"2025-01-10T20:46:34","guid":{"rendered":"https:\/\/santanecos.com\/tienda\/?post_type=product&#038;p=281"},"modified":"2025-01-10T14:50:44","modified_gmt":"2025-01-10T20:50:44","slug":"tarjeta-regalo-xbox-360","status":"publish","type":"product","link":"https:\/\/santanecos.com\/tienda\/index.php\/product\/tarjeta-regalo-xbox-360\/","title":{"rendered":"Tarjeta regalo Xbox 360"},"content":{"rendered":"<p>Tarjeta de Regalo para canjear en juegos digitales copias para Xbox360 solo en el local para consolas modificadas con RGH.<\/p>\n<p>Equivalencia:<\/p>\n<ul>\n<li>Saldo $5.00 puedes canjear 2 juego y pide la promoci\u00f3n 3 juegos<\/li>\n<li>Saldo $10.00 puedes canjear 4 juegos y pide la promoci\u00f3n 6 juegos<\/li>\n<li>Saldo $20.00 puedes canjear 8 juegos y pide la promoci\u00f3n 10 juegos<\/li>\n<\/ul>\n<!--CusAds0-->\n<div style=\"font-size: 0px; height: 0px; line-height: 0px; margin: 0; padding: 0; clear: both;\"><\/div>","protected":false},"excerpt":{"rendered":"<p>Tarjeta de Regalo para canjear en juegos digitales copias para Xbox360 solo en el local para consolas modificadas con RGH. Equivalencia: Saldo $5.00 puedes canjear 2 juego y pide la promoci\u00f3n 3 juegos Saldo $10.00 puedes canjear 4 juegos y pide la promoci\u00f3n 6 juegos Saldo $20.00 puedes canjear 8 juegos y pide la promoci\u00f3n [&hellip;]<\/p>\n","protected":false},"featured_media":286,"comment_status":"open","ping_status":"closed","template":"","meta":{"om_disable_all_campaigns":false,"_monsterinsights_skip_tracking":false,"_monsterinsights_sitenote_active":false,"_monsterinsights_sitenote_note":"","_monsterinsights_sitenote_category":0},"product_brand":[],"product_cat":[26],"product_tag":[],"class_list":{"0":"post-281","1":"product","2":"type-product","3":"status-publish","4":"has-post-thumbnail","6":"product_cat-giftcards","8":"first","9":"instock","10":"purchasable","11":"product-type-pw-gift-card"},"aioseo_notices":[],"jetpack_likes_enabled":true,"jetpack_sharing_enabled":true,"_links":{"self":[{"href":"https:\/\/santanecos.com\/tienda\/index.php\/wp-json\/wp\/v2\/product\/281","targetHints":{"allow":["GET"]}}],"collection":[{"href":"https:\/\/santanecos.com\/tienda\/index.php\/wp-json\/wp\/v2\/product"}],"about":[{"href":"https:\/\/santanecos.com\/tienda\/index.php\/wp-json\/wp\/v2\/types\/product"}],"replies":[{"embeddable":true,"href":"https:\/\/santanecos.com\/tienda\/index.php\/wp-json\/wp\/v2\/comments?post=281"}],"wp:featuredmedia":[{"embeddable":true,"href":"https:\/\/santanecos.com\/tienda\/index.php\/wp-json\/wp\/v2\/media\/286"}],"wp:attachment":[{"href":"https:\/\/santanecos.com\/tienda\/index.php\/wp-json\/wp\/v2\/media?parent=281"}],"wp:term":[{"taxonomy":"product_brand","embeddable":true,"href":"https:\/\/santanecos.com\/tienda\/index.php\/wp-json\/wp\/v2\/product_brand?post=281"},{"taxonomy":"product_cat","embeddable":true,"href":"https:\/\/santanecos.com\/tienda\/index.php\/wp-json\/wp\/v2\/product_cat?post=281"},{"taxonomy":"product_tag","embeddable":true,"href":"https:\/\/santanecos.com\/tienda\/index.php\/wp-json\/wp\/v2\/product_tag?post=281"}],"curies":[{"name":"wp","href":"https:\/\/api.w.org\/{rel}","templated":true}]}}