{"id":379,"date":"2025-07-16T16:59:39","date_gmt":"2025-07-16T22:59:39","guid":{"rendered":"https:\/\/santanecos.com\/tienda\/?post_type=product&#038;p=379"},"modified":"2025-07-16T17:03:42","modified_gmt":"2025-07-16T23:03:42","slug":"fuente-de-alimentacion-original-sony-playstation-4-ps4","status":"publish","type":"product","link":"https:\/\/santanecos.com\/tienda\/index.php\/product\/fuente-de-alimentacion-original-sony-playstation-4-ps4\/","title":{"rendered":"Fuente de alimentaci\u00f3n original Sony PlayStation 4 PS4"},"content":{"rendered":"<p>Original fuente de alimentaci\u00f3n adp-240ar y reparaci\u00f3n de repuesto para Sony Playstation 4 PS4. Comprueba las fotos cuidadosamente antes de ordenarlo). Comprueba el conector de pines y el modelo de la consola para confirmar que es el mismo que el tuyo.<\/p>\n<!--CusAds0-->\n<div style=\"font-size: 0px; height: 0px; line-height: 0px; margin: 0; padding: 0; clear: both;\"><\/div>","protected":false},"excerpt":{"rendered":"<p>Fuente de alimentaci\u00f3n original Sony PlayStation 4 PS4<\/p>\n","protected":false},"featured_media":380,"comment_status":"open","ping_status":"closed","template":"","meta":{"om_disable_all_campaigns":false,"_monsterinsights_skip_tracking":false,"_monsterinsights_sitenote_active":false,"_monsterinsights_sitenote_note":"","_monsterinsights_sitenote_category":0},"product_brand":[],"product_cat":[30,31],"product_tag":[],"class_list":{"0":"post-379","1":"product","2":"type-product","3":"status-publish","4":"has-post-thumbnail","6":"product_cat-accesorios","7":"product_cat-videoconsolas","9":"first","10":"instock","11":"sale","12":"taxable","13":"shipping-taxable","14":"purchasable","15":"product-type-simple"},"aioseo_notices":[],"jetpack_likes_enabled":true,"jetpack_sharing_enabled":true,"_links":{"self":[{"href":"https:\/\/santanecos.com\/tienda\/index.php\/wp-json\/wp\/v2\/product\/379","targetHints":{"allow":["GET"]}}],"collection":[{"href":"https:\/\/santanecos.com\/tienda\/index.php\/wp-json\/wp\/v2\/product"}],"about":[{"href":"https:\/\/santanecos.com\/tienda\/index.php\/wp-json\/wp\/v2\/types\/product"}],"replies":[{"embeddable":true,"href":"https:\/\/santanecos.com\/tienda\/index.php\/wp-json\/wp\/v2\/comments?post=379"}],"wp:featuredmedia":[{"embeddable":true,"href":"https:\/\/santanecos.com\/tienda\/index.php\/wp-json\/wp\/v2\/media\/380"}],"wp:attachment":[{"href":"https:\/\/santanecos.com\/tienda\/index.php\/wp-json\/wp\/v2\/media?parent=379"}],"wp:term":[{"taxonomy":"product_brand","embeddable":true,"href":"https:\/\/santanecos.com\/tienda\/index.php\/wp-json\/wp\/v2\/product_brand?post=379"},{"taxonomy":"product_cat","embeddable":true,"href":"https:\/\/santanecos.com\/tienda\/index.php\/wp-json\/wp\/v2\/product_cat?post=379"},{"taxonomy":"product_tag","embeddable":true,"href":"https:\/\/santanecos.com\/tienda\/index.php\/wp-json\/wp\/v2\/product_tag?post=379"}],"curies":[{"name":"wp","href":"https:\/\/api.w.org\/{rel}","templated":true}]}}