{"id":394,"date":"2025-07-17T15:00:27","date_gmt":"2025-07-17T21:00:27","guid":{"rendered":"https:\/\/santanecos.com\/tienda\/?post_type=product&#038;p=394"},"modified":"2025-07-17T15:06:04","modified_gmt":"2025-07-17T21:06:04","slug":"3ds-cargador-compatible-con-nintendo-3ds-dsi-dsi-xl-2ds-2ds-xl-new-3ds-100-240v","status":"publish","type":"product","link":"https:\/\/santanecos.com\/tienda\/index.php\/product\/3ds-cargador-compatible-con-nintendo-3ds-dsi-dsi-xl-2ds-2ds-xl-new-3ds-100-240v\/","title":{"rendered":"3DS Cargador Compatible con Nintendo 3DS\/ DSi\/DSi XL\/ 2DS\/ 2DS XL\/New 3DS 100-240V"},"content":{"rendered":"<p>Tecnolog\u00eda de conectividad USB<br \/>Dispositivos compatibles Consolas de juegos<br \/>Modelos de tel\u00e9fono compatibles: Nintendo 3DS, Nintendo DSi, Nintendo DSi XL, Nintendo 2DS, Nintendo 2DS XL, Nueva Nintendo 3DS XL<br \/>Componentes incluidos Adaptador<br \/>Caracter\u00edsticas especiales Dise\u00f1o ligero<br \/>Color Blanco<br \/>Voltaje de entrada 110-240 Voltios<br \/>Tipo de montaje Soporte de pared<\/p>\n<!--CusAds0-->\n<div style=\"font-size: 0px; height: 0px; line-height: 0px; margin: 0; padding: 0; clear: both;\"><\/div>","protected":false},"excerpt":{"rendered":"<p><strong>Para tu consola de juegos favorita: se preocupa por todos los requisitos de nuestros jugadores, trae este nuevo cargador Nintendo 3DS para acompa\u00f1ar tu feliz tiempo de juego, que funciona perfectamente como lo fue el original. Cuidamos cada pieza, lo que lo hace compatible con tu 3DS\/DSi \/ DSi XL \/ 3DS XL \/ 2DS \/ N3DS \/ N3DS XL \/ N2DS XL en las mejores condiciones<br \/>Llevar sin preocupaci\u00f3n: con el cargador 3DS hecho por Made, simplemente disfruta de tu propio juego de bolsillo en cualquier lugar, ya que es peque\u00f1o, ligero. Te encantar\u00e1 llevarlo para tus necesidades de carga 3DS, que soporta un voltaje autom\u00e1tico de 100-240 y es adecuado para cualquier lugar de Estados Unidos<br \/>C\u00f3modo para el uso diario: el cable de alimentaci\u00f3n extendido hace que sea f\u00e1cil continuar tu juego divertido desde el suelo hasta el escritorio, los lados de la cama, el cable se puede extender hasta 43 pulgadas\/43.3 in, que tambi\u00e9n es flexible y duradero, puede soportar m\u00e1s de 5000 pruebas de flexi\u00f3n, simplemente disfruta del juego como quieras.<br \/>Seguro y la mejor protecci\u00f3n: los circuitos mejorados de y las protecciones integradas para proteger tus consolas de juegos contra la corriente excesiva, detectar la situaci\u00f3n de las bater\u00edas, reacci\u00f3n m\u00e1s r\u00e1pida para evitar el sobrecalentamiento y la sobrecarga, este cargador 3DS puede cambiar autom\u00e1ticamente a ahorrador.<\/strong><\/p>\n","protected":false},"featured_media":395,"comment_status":"open","ping_status":"closed","template":"","meta":{"om_disable_all_campaigns":false,"_monsterinsights_skip_tracking":false,"_monsterinsights_sitenote_active":false,"_monsterinsights_sitenote_note":"","_monsterinsights_sitenote_category":0},"product_brand":[],"product_cat":[30,31],"product_tag":[],"class_list":{"0":"post-394","1":"product","2":"type-product","3":"status-publish","4":"has-post-thumbnail","6":"product_cat-accesorios","7":"product_cat-videoconsolas","9":"first","10":"instock","11":"sale","12":"taxable","13":"shipping-taxable","14":"purchasable","15":"product-type-simple"},"aioseo_notices":[],"jetpack_likes_enabled":true,"jetpack_sharing_enabled":true,"_links":{"self":[{"href":"https:\/\/santanecos.com\/tienda\/index.php\/wp-json\/wp\/v2\/product\/394","targetHints":{"allow":["GET"]}}],"collection":[{"href":"https:\/\/santanecos.com\/tienda\/index.php\/wp-json\/wp\/v2\/product"}],"about":[{"href":"https:\/\/santanecos.com\/tienda\/index.php\/wp-json\/wp\/v2\/types\/product"}],"replies":[{"embeddable":true,"href":"https:\/\/santanecos.com\/tienda\/index.php\/wp-json\/wp\/v2\/comments?post=394"}],"wp:featuredmedia":[{"embeddable":true,"href":"https:\/\/santanecos.com\/tienda\/index.php\/wp-json\/wp\/v2\/media\/395"}],"wp:attachment":[{"href":"https:\/\/santanecos.com\/tienda\/index.php\/wp-json\/wp\/v2\/media?parent=394"}],"wp:term":[{"taxonomy":"product_brand","embeddable":true,"href":"https:\/\/santanecos.com\/tienda\/index.php\/wp-json\/wp\/v2\/product_brand?post=394"},{"taxonomy":"product_cat","embeddable":true,"href":"https:\/\/santanecos.com\/tienda\/index.php\/wp-json\/wp\/v2\/product_cat?post=394"},{"taxonomy":"product_tag","embeddable":true,"href":"https:\/\/santanecos.com\/tienda\/index.php\/wp-json\/wp\/v2\/product_tag?post=394"}],"curies":[{"name":"wp","href":"https:\/\/api.w.org\/{rel}","templated":true}]}}