{"id":400,"date":"2025-07-17T15:21:44","date_gmt":"2025-07-17T21:21:44","guid":{"rendered":"https:\/\/santanecos.com\/tienda\/?post_type=product&#038;p=400"},"modified":"2025-07-17T15:26:34","modified_gmt":"2025-07-17T21:26:34","slug":"cable-de-carga-y-datos-para-control-de-ps4-y-xbox-one","status":"publish","type":"product","link":"https:\/\/santanecos.com\/tienda\/index.php\/product\/cable-de-carga-y-datos-para-control-de-ps4-y-xbox-one\/","title":{"rendered":"Cable de Carga y Datos para control de Ps4 y Xbox One"},"content":{"rendered":"<p><strong>Cable Micro USB Carga y Sincronizaci\u00f3n<br \/>El Cable Micro USB Carga y Sincronizaci\u00f3n puede ser utilizado para cagar dispositivos con entrada micro USB-B, para transferir datos hasta una velocidad de 480 Mbit\/s. Tiene compatibilidad con muchos smatphones de Android, tambi\u00e9n puede utilizarse para diferentes dispositivos. Su dise\u00f1o con cubierta de pl\u00e1stico PVC lo hace resistente a desgarros o dobladuras.<\/strong><\/p>\n<!--CusAds0-->\n<div style=\"font-size: 0px; height: 0px; line-height: 0px; margin: 0; padding: 0; clear: both;\"><\/div>","protected":false},"excerpt":{"rendered":"<p><strong>Cable Micro USB Carga y Sincronizaci\u00f3n<br \/>El Cable Micro USB Carga y Sincronizaci\u00f3n puede ser utilizado para cagar dispositivos con entrada micro USB-B, para transferir datos hasta una velocidad de 480 Mbit\/s. Tiene compatibilidad con muchos smatphones de Android, tambi\u00e9n puede utilizarse para diferentes dispositivos. Su dise\u00f1o con cubierta de pl\u00e1stico PVC lo hace resistente a desgarros o dobladuras.<\/strong><\/p>\n","protected":false},"featured_media":401,"comment_status":"open","ping_status":"closed","template":"","meta":{"om_disable_all_campaigns":false,"_monsterinsights_skip_tracking":false,"_monsterinsights_sitenote_active":false,"_monsterinsights_sitenote_note":"","_monsterinsights_sitenote_category":0},"product_brand":[],"product_cat":[30,31],"product_tag":[],"class_list":{"0":"post-400","1":"product","2":"type-product","3":"status-publish","4":"has-post-thumbnail","6":"product_cat-accesorios","7":"product_cat-videoconsolas","9":"first","10":"instock","11":"sale","12":"taxable","13":"shipping-taxable","14":"purchasable","15":"product-type-simple"},"aioseo_notices":[],"jetpack_likes_enabled":true,"jetpack_sharing_enabled":true,"_links":{"self":[{"href":"https:\/\/santanecos.com\/tienda\/index.php\/wp-json\/wp\/v2\/product\/400","targetHints":{"allow":["GET"]}}],"collection":[{"href":"https:\/\/santanecos.com\/tienda\/index.php\/wp-json\/wp\/v2\/product"}],"about":[{"href":"https:\/\/santanecos.com\/tienda\/index.php\/wp-json\/wp\/v2\/types\/product"}],"replies":[{"embeddable":true,"href":"https:\/\/santanecos.com\/tienda\/index.php\/wp-json\/wp\/v2\/comments?post=400"}],"wp:featuredmedia":[{"embeddable":true,"href":"https:\/\/santanecos.com\/tienda\/index.php\/wp-json\/wp\/v2\/media\/401"}],"wp:attachment":[{"href":"https:\/\/santanecos.com\/tienda\/index.php\/wp-json\/wp\/v2\/media?parent=400"}],"wp:term":[{"taxonomy":"product_brand","embeddable":true,"href":"https:\/\/santanecos.com\/tienda\/index.php\/wp-json\/wp\/v2\/product_brand?post=400"},{"taxonomy":"product_cat","embeddable":true,"href":"https:\/\/santanecos.com\/tienda\/index.php\/wp-json\/wp\/v2\/product_cat?post=400"},{"taxonomy":"product_tag","embeddable":true,"href":"https:\/\/santanecos.com\/tienda\/index.php\/wp-json\/wp\/v2\/product_tag?post=400"}],"curies":[{"name":"wp","href":"https:\/\/api.w.org\/{rel}","templated":true}]}}