{"id":402,"date":"2025-07-17T15:36:13","date_gmt":"2025-07-17T21:36:13","guid":{"rendered":"https:\/\/santanecos.com\/tienda\/?post_type=product&#038;p=402"},"modified":"2025-07-17T15:38:15","modified_gmt":"2025-07-17T21:38:15","slug":"cable-de-datos-y-alimentacion-para-psp-go","status":"publish","type":"product","link":"https:\/\/santanecos.com\/tienda\/index.php\/product\/cable-de-datos-y-alimentacion-para-psp-go\/","title":{"rendered":"Cable de datos y alimentaci\u00f3n para PSP Go"},"content":{"rendered":"<p><strong>El paquete incluye: 1 cable de carga y datos USB compatible con Sony PSP Go.<br \/>Transfiere im\u00e1genes, m\u00fasica, v\u00eddeos y juegos a y desde tu PSP con este cable.<br \/>Transfiere todo tu contenido desde tu sistema PSP Go a tu PC para mantenerlo seguro con cable plug and play | Transfiere m\u00fasica, pel\u00edculas, guarda juegos y mucho m\u00e1s<br \/>Carga tu sistema desde cualquier puerto USB o toma de corriente habilitada por USB, no requiere verrugas de pared adicionales; tambi\u00e9n funciona muy bien con bancos de energ\u00eda para juegos en movimiento.<\/strong><\/p>\n<!--CusAds0-->\n<div style=\"font-size: 0px; height: 0px; line-height: 0px; margin: 0; padding: 0; clear: both;\"><\/div>","protected":false},"excerpt":{"rendered":"<p><strong>El paquete incluye: 1 cable de carga y datos USB compatible con Sony PSP Go.<br \/>Transfiere im\u00e1genes, m\u00fasica, v\u00eddeos y juegos a y desde tu PSP con este cable.<br \/>Transfiere todo tu contenido desde tu sistema PSP Go a tu PC para mantenerlo seguro con cable plug and play | Transfiere m\u00fasica, pel\u00edculas, guarda juegos y mucho m\u00e1s<br \/>Carga tu sistema desde cualquier puerto USB o toma de corriente habilitada por USB, no requiere verrugas de pared adicionales; tambi\u00e9n funciona muy bien con bancos de energ\u00eda para juegos en movimiento.<\/strong><\/p>\n","protected":false},"featured_media":403,"comment_status":"open","ping_status":"closed","template":"","meta":{"om_disable_all_campaigns":false,"_monsterinsights_skip_tracking":false,"_monsterinsights_sitenote_active":false,"_monsterinsights_sitenote_note":"","_monsterinsights_sitenote_category":0},"product_brand":[],"product_cat":[30,31],"product_tag":[],"class_list":{"0":"post-402","1":"product","2":"type-product","3":"status-publish","4":"has-post-thumbnail","6":"product_cat-accesorios","7":"product_cat-videoconsolas","9":"first","10":"instock","11":"sale","12":"taxable","13":"shipping-taxable","14":"purchasable","15":"product-type-simple"},"aioseo_notices":[],"jetpack_likes_enabled":true,"jetpack_sharing_enabled":true,"_links":{"self":[{"href":"https:\/\/santanecos.com\/tienda\/index.php\/wp-json\/wp\/v2\/product\/402","targetHints":{"allow":["GET"]}}],"collection":[{"href":"https:\/\/santanecos.com\/tienda\/index.php\/wp-json\/wp\/v2\/product"}],"about":[{"href":"https:\/\/santanecos.com\/tienda\/index.php\/wp-json\/wp\/v2\/types\/product"}],"replies":[{"embeddable":true,"href":"https:\/\/santanecos.com\/tienda\/index.php\/wp-json\/wp\/v2\/comments?post=402"}],"wp:featuredmedia":[{"embeddable":true,"href":"https:\/\/santanecos.com\/tienda\/index.php\/wp-json\/wp\/v2\/media\/403"}],"wp:attachment":[{"href":"https:\/\/santanecos.com\/tienda\/index.php\/wp-json\/wp\/v2\/media?parent=402"}],"wp:term":[{"taxonomy":"product_brand","embeddable":true,"href":"https:\/\/santanecos.com\/tienda\/index.php\/wp-json\/wp\/v2\/product_brand?post=402"},{"taxonomy":"product_cat","embeddable":true,"href":"https:\/\/santanecos.com\/tienda\/index.php\/wp-json\/wp\/v2\/product_cat?post=402"},{"taxonomy":"product_tag","embeddable":true,"href":"https:\/\/santanecos.com\/tienda\/index.php\/wp-json\/wp\/v2\/product_tag?post=402"}],"curies":[{"name":"wp","href":"https:\/\/api.w.org\/{rel}","templated":true}]}}