{"id":409,"date":"2025-07-17T16:04:09","date_gmt":"2025-07-17T22:04:09","guid":{"rendered":"https:\/\/santanecos.com\/tienda\/?post_type=product&#038;p=409"},"modified":"2025-07-17T16:09:01","modified_gmt":"2025-07-17T22:09:01","slug":"xtrike-me-gk-918-rainbow-backlight-blue-switch-teclado-mecanico-gamer","status":"publish","type":"product","link":"https:\/\/santanecos.com\/tienda\/index.php\/product\/xtrike-me-gk-918-rainbow-backlight-blue-switch-teclado-mecanico-gamer\/","title":{"rendered":"XTRIKE ME GK-918 Rainbow Backlight Blue Switch Teclado Mec\u00e1nico Gamer"},"content":{"rendered":"<p>El teclado mec\u00e1nico para juegos Xtrike-Me GK-918 Rainbow Backlight Blue Switch est\u00e1 dise\u00f1ado para mejorar su experiencia de juego a trav\u00e9s de la precisi\u00f3n, la durabilidad y la est\u00e9tica. Con 104 teclas mec\u00e1nicas, cada una con interruptores azules, este teclado GK-918 proporciona una agradable retroalimentaci\u00f3n t\u00e1ctil y un clic audible distintivo, lo que lo hace ideal para los jugadores que exigen entradas sensibles y precisas. Los interruptores azules cuentan con una fuerza operativa de 60\u00b110 g y una distancia de recorrido clave de 4,0 \u00b10,5 mm, lo que proporciona un rendimiento constante durante las sesiones de juego extenuantes. Con una clasificaci\u00f3n de durabilidad de 50 millones de pulsaciones por interruptor, el GK-918 garantiza fiabilidad y resistencia. Para aumentar su atractivo, el teclado GK-918 cuenta con un cautivador sistema de retroiluminaci\u00f3n arco\u00edris que mejora la visibilidad y proporciona un ambiente v\u00edvido en su estaci\u00f3n de trabajo de juegos. La retroiluminaci\u00f3n es programable, lo que le permite cambiar el brillo y seleccionar entre una variedad de efectos de iluminaci\u00f3n para adaptarse a su configuraci\u00f3n de juego o estado de \u00e1nimo. El GK-918 tiene un voltaje de funcionamiento de 5 V y una corriente de trabajo de \u2264180 mA, lo que resulta en una utilizaci\u00f3n eficiente de la energ\u00eda. El teclado GK-918 cuenta con una longitud de cable de 1,5 m y una interfaz USB 2.0, lo que garantiza una comunicaci\u00f3n robusta y fiable con su ordenador o consola de juegos. Aparte de sus caracter\u00edsticas tecnol\u00f3gicas, el GK-918 tiene un dise\u00f1o duradero y ergon\u00f3mico que promueve la comodidad durante sesiones de juego prolongadas. Las teclas est\u00e1n dise\u00f1adas para soportar el desgaste y conservar su capacidad de respuesta y sensaci\u00f3n con el tiempo. Ya sea que est\u00e9s jugando juegos de acci\u00f3n de ritmo r\u00e1pido o navegando por complicadas simulaciones de estrategia, el Xtrike-Me GK-918 proporciona pulsaciones de teclas precisas y una experiencia de juego atractiva. El teclado mec\u00e1nico para juegos Xtrike-Me GK-918 Rainbow Backlight Blue Switch combina un rendimiento asombroso con un dise\u00f1o llamativo, lo que lo convierte en una excelente opci\u00f3n para los jugadores que buscan un teclado confiable y elegante.<\/p>\n<!--CusAds0-->\n<div style=\"font-size: 0px; height: 0px; line-height: 0px; margin: 0; padding: 0; clear: both;\"><\/div>","protected":false},"excerpt":{"rendered":"<p>Ciclo de vida del interruptor: 50 millones de pulsaciones<br \/>Interfaz USB 2.0<br \/>Llaves 104<br \/>La retroiluminaci\u00f3n del arco iris con m\u00faltiples esquemas de iluminaci\u00f3n le permite jugar y trabajar incluso en la oscuridad total.<br \/>Puede realizar operaciones en el navegador, el correo electr\u00f3nico, el reproductor y otras operaciones r\u00e1pidamente con teclas multimedia, la oficina o los juegos no se retrasan.<br \/>Fuerza operativa: 60\u00b110g<br \/>Ruta clave: 4,0\u00b10,5 mm<br \/>Voltaje de trabajo: 5V<br \/>Corriente de trabajo: \u2264180mA<\/p>\n","protected":false},"featured_media":410,"comment_status":"open","ping_status":"closed","template":"","meta":{"om_disable_all_campaigns":false,"_monsterinsights_skip_tracking":false,"_monsterinsights_sitenote_active":false,"_monsterinsights_sitenote_note":"","_monsterinsights_sitenote_category":0},"product_brand":[],"product_cat":[30,32],"product_tag":[],"class_list":{"0":"post-409","1":"product","2":"type-product","3":"status-publish","4":"has-post-thumbnail","6":"product_cat-accesorios","7":"product_cat-computadoras-y-laptops","9":"first","10":"instock","11":"sale","12":"taxable","13":"shipping-taxable","14":"purchasable","15":"product-type-simple"},"aioseo_notices":[],"jetpack_likes_enabled":true,"jetpack_sharing_enabled":true,"_links":{"self":[{"href":"https:\/\/santanecos.com\/tienda\/index.php\/wp-json\/wp\/v2\/product\/409","targetHints":{"allow":["GET"]}}],"collection":[{"href":"https:\/\/santanecos.com\/tienda\/index.php\/wp-json\/wp\/v2\/product"}],"about":[{"href":"https:\/\/santanecos.com\/tienda\/index.php\/wp-json\/wp\/v2\/types\/product"}],"replies":[{"embeddable":true,"href":"https:\/\/santanecos.com\/tienda\/index.php\/wp-json\/wp\/v2\/comments?post=409"}],"wp:featuredmedia":[{"embeddable":true,"href":"https:\/\/santanecos.com\/tienda\/index.php\/wp-json\/wp\/v2\/media\/410"}],"wp:attachment":[{"href":"https:\/\/santanecos.com\/tienda\/index.php\/wp-json\/wp\/v2\/media?parent=409"}],"wp:term":[{"taxonomy":"product_brand","embeddable":true,"href":"https:\/\/santanecos.com\/tienda\/index.php\/wp-json\/wp\/v2\/product_brand?post=409"},{"taxonomy":"product_cat","embeddable":true,"href":"https:\/\/santanecos.com\/tienda\/index.php\/wp-json\/wp\/v2\/product_cat?post=409"},{"taxonomy":"product_tag","embeddable":true,"href":"https:\/\/santanecos.com\/tienda\/index.php\/wp-json\/wp\/v2\/product_tag?post=409"}],"curies":[{"name":"wp","href":"https:\/\/api.w.org\/{rel}","templated":true}]}}